{"id":28,"date":"2024-10-09T22:36:33","date_gmt":"2024-10-09T20:36:33","guid":{"rendered":"https:\/\/unlock-productions.be\/?page_id=28"},"modified":"2024-11-16T20:55:21","modified_gmt":"2024-11-16T19:55:21","slug":"accueil","status":"publish","type":"page","link":"https:\/\/unlock-productions.be\/index.php\/accueil\/","title":{"rendered":"Vos Exp\u00e9riences immersives"},"content":{"rendered":"\n<p>Chez <strong>Unlock Productions<\/strong>, nous donnons vie \u00e0 vos projets en cr\u00e9ant des exp\u00e9riences immersives inoubliables.<\/p>\n\n\n\n<p>Sp\u00e9cialistes des escape rooms, nous vous accompagnons \u00e0 chaque \u00e9tape. De la conception du sc\u00e9nario \u00e0 l\u2019installation compl\u00e8te de votre salle, nous offrons un service cl\u00e9 en main.<\/p>\n\n\n\n<p>Vous \u00eates entrepreneur et souhaitez lancer une escape room ? Ou bien, vous dirigez un \u00e9tablissement et voulez proposer une nouvelle aventure \u00e0 vos clients ? Dans tous les cas, notre \u00e9quipe d\u2019experts est l\u00e0 pour concr\u00e9tiser vos id\u00e9es.<\/p>\n\n\n\n<p>Notre mission est simple : captiver vos participants gr\u00e2ce \u00e0 des \u00e9nigmes ing\u00e9nieuses et des univers stimulants. Avec nos cr\u00e9ations, nous \u00e9veillons curiosit\u00e9, r\u00e9flexion et adr\u00e9naline.<\/p>\n\n\n\n<p>Alors, faites confiance \u00e0 <strong>Unlock Productions<\/strong>. Ensemble, concevons des exp\u00e9riences sur mesure, adapt\u00e9es \u00e0 vos besoins et pr\u00eates \u00e0 surprendre vos joueurs.<\/p>\n\n\n\n<p>D\u00e9couvrez d\u00e8s maintenant nos r\u00e9alisations. Laissez-vous inspirer et imaginez votre prochaine aventure !<\/p>\n\n\n\n<hr class=\"wp-block-separator has-alpha-channel-opacity\"\/>\n\n\n\n<figure class=\"wp-block-image size-full is-resized\"><img loading=\"lazy\" decoding=\"async\" width=\"512\" height=\"512\" src=\"https:\/\/unlock-productions.be\/wp-content\/uploads\/2024\/10\/cropped-unlock-productions-logo-1.png\" alt=\"Unlock Productions\" class=\"wp-image-50\" style=\"width:674px;height:auto\" srcset=\"https:\/\/unlock-productions.be\/wp-content\/uploads\/2024\/10\/cropped-unlock-productions-logo-1.png 512w, https:\/\/unlock-productions.be\/wp-content\/uploads\/2024\/10\/cropped-unlock-productions-logo-1-300x300.png 300w, https:\/\/unlock-productions.be\/wp-content\/uploads\/2024\/10\/cropped-unlock-productions-logo-1-150x150.png 150w, https:\/\/unlock-productions.be\/wp-content\/uploads\/2024\/10\/cropped-unlock-productions-logo-1-100x100.png 100w, https:\/\/unlock-productions.be\/wp-content\/uploads\/2024\/10\/cropped-unlock-productions-logo-1-270x270.png 270w, https:\/\/unlock-productions.be\/wp-content\/uploads\/2024\/10\/cropped-unlock-productions-logo-1-192x192.png 192w, https:\/\/unlock-productions.be\/wp-content\/uploads\/2024\/10\/cropped-unlock-productions-logo-1-180x180.png 180w, https:\/\/unlock-productions.be\/wp-content\/uploads\/2024\/10\/cropped-unlock-productions-logo-1-32x32.png 32w\" sizes=\"auto, (max-width: 512px) 100vw, 512px\" \/><\/figure>\n","protected":false},"excerpt":{"rendered":"<p>Chez Unlock Productions, nous donnons vie \u00e0 vos projets en cr\u00e9ant des exp\u00e9riences immersives inoubliables. Sp\u00e9cialistes des escape rooms, nous vous accompagnons \u00e0 chaque \u00e9tape. De la conception du sc\u00e9nario \u00e0 l\u2019installation compl\u00e8te de votre salle, nous offrons un service cl\u00e9 en main. Vous \u00eates entrepreneur et souhaitez lancer une escape room ? Ou bien, &hellip; <\/p>\n<p class=\"link-more\"><a href=\"https:\/\/unlock-productions.be\/index.php\/accueil\/\" class=\"more-link\">Continue reading<span class=\"screen-reader-text\"> &#8220;Vos Exp\u00e9riences immersives&#8221;<\/span><\/a><\/p>\n","protected":false},"author":1,"featured_media":0,"parent":0,"menu_order":0,"comment_status":"closed","ping_status":"closed","template":"","meta":{"om_disable_all_campaigns":false,"_monsterinsights_skip_tracking":false,"_monsterinsights_sitenote_active":false,"_monsterinsights_sitenote_note":"","_monsterinsights_sitenote_category":0,"_uf_show_specific_survey":0,"_uf_disable_surveys":false,"_themeisle_gutenberg_block_has_review":false,"footnotes":""},"class_list":["post-28","page","type-page","status-publish","hentry"],"aioseo_notices":[],"_links":{"self":[{"href":"https:\/\/unlock-productions.be\/index.php\/wp-json\/wp\/v2\/pages\/28","targetHints":{"allow":["GET"]}}],"collection":[{"href":"https:\/\/unlock-productions.be\/index.php\/wp-json\/wp\/v2\/pages"}],"about":[{"href":"https:\/\/unlock-productions.be\/index.php\/wp-json\/wp\/v2\/types\/page"}],"author":[{"embeddable":true,"href":"https:\/\/unlock-productions.be\/index.php\/wp-json\/wp\/v2\/users\/1"}],"replies":[{"embeddable":true,"href":"https:\/\/unlock-productions.be\/index.php\/wp-json\/wp\/v2\/comments?post=28"}],"version-history":[{"count":9,"href":"https:\/\/unlock-productions.be\/index.php\/wp-json\/wp\/v2\/pages\/28\/revisions"}],"predecessor-version":[{"id":149,"href":"https:\/\/unlock-productions.be\/index.php\/wp-json\/wp\/v2\/pages\/28\/revisions\/149"}],"wp:attachment":[{"href":"https:\/\/unlock-productions.be\/index.php\/wp-json\/wp\/v2\/media?parent=28"}],"curies":[{"name":"wp","href":"https:\/\/api.w.org\/{rel}","templated":true}]}}